{"id":4877,"date":"2024-04-29T13:19:12","date_gmt":"2024-04-29T13:19:12","guid":{"rendered":"https:\/\/unewhavendh.org\/modernisms\/?page_id=4877"},"modified":"2024-04-29T15:43:15","modified_gmt":"2024-04-29T15:43:15","slug":"final-exam-preparation","status":"publish","type":"page","link":"https:\/\/unewhavendh.org\/modernisms\/final-exam-preparation\/","title":{"rendered":"Final Exam Preparation"},"content":{"rendered":"\n<p>To prepare for the final exam, please set aside some time to read the work your classmates have decided to share (collected below). You can read whatever you want and however much of it as you want. Please come to the final exam prepared to share details that stuck out to you as you read (taking notes will likely make it easier for you to remember these impressions). This activity approximates, in a compressed time frame, the experience of making your work public and getting organic (that is, not forced) feedback on it. If you&#8217;ve created a tour guide edition, I encourage you to peruse other editions (not everyone will be able to see the editions without getting Hypothesis set up). Follow your interests and enjoy reading! <\/p>\n\n\n<ul class=\"wp-block-latest-posts__list has-author wp-block-latest-posts\"><li><div class=\"wp-block-latest-posts__featured-image\"><img loading=\"lazy\" decoding=\"async\" width=\"150\" height=\"150\" src=\"https:\/\/unewhavendh.org\/modernisms\/files\/2024\/04\/Jungle-150x150.jpg\" class=\"attachment-thumbnail size-thumbnail wp-post-image\" alt=\"\" style=\"\" \/><\/div><a class=\"wp-block-latest-posts__post-title\" href=\"https:\/\/unewhavendh.org\/modernisms\/2024\/04\/30\/the-jungle-3-final\/\">The Jungle<\/a><div class=\"wp-block-latest-posts__post-author\">by Casey Moore<\/div><\/li>\n<li><div class=\"wp-block-latest-posts__featured-image\"><img loading=\"lazy\" decoding=\"async\" width=\"150\" height=\"150\" src=\"https:\/\/unewhavendh.org\/modernisms\/files\/2024\/04\/Final-1-150x150.jpg\" class=\"attachment-thumbnail size-thumbnail wp-post-image\" alt=\"\" style=\"\" \/><\/div><a class=\"wp-block-latest-posts__post-title\" href=\"https:\/\/unewhavendh.org\/modernisms\/2024\/04\/29\/storyworld-impacting-other-storyworlds-final\/\">Storyworld Impacting Other Storyworlds<\/a><div class=\"wp-block-latest-posts__post-author\">by Casey Moore<\/div><\/li>\n<li><div class=\"wp-block-latest-posts__featured-image\"><img loading=\"lazy\" decoding=\"async\" width=\"150\" height=\"150\" src=\"https:\/\/unewhavendh.org\/modernisms\/files\/2024\/04\/1woolf-150x150.jpeg\" class=\"attachment-thumbnail size-thumbnail wp-post-image\" alt=\"Virginia Woolf Photographed by Gisele Freund, 1935. The Manfred Heiting Collection.\" style=\"\" \/><\/div><a class=\"wp-block-latest-posts__post-title\" href=\"https:\/\/unewhavendh.org\/modernisms\/2024\/04\/29\/mrs-dalloway-wikipedia\/\">Mrs. Dalloway Wikipedia Summary<\/a><div class=\"wp-block-latest-posts__post-author\">by Grace Strawley<\/div><\/li>\n<li><div class=\"wp-block-latest-posts__featured-image\"><img loading=\"lazy\" decoding=\"async\" width=\"150\" height=\"150\" src=\"https:\/\/unewhavendh.org\/modernisms\/files\/2024\/02\/MoonNPCs-150x150.png\" class=\"attachment-thumbnail size-thumbnail wp-post-image\" alt=\"\" style=\"\" \/><\/div><a class=\"wp-block-latest-posts__post-title\" href=\"https:\/\/unewhavendh.org\/modernisms\/2024\/04\/29\/revised-exploring-the-absurd-world-and-legacy-of-moon-remix-rpg-adventure\/\">Exploring the Absurd World and Legacy of moon: Remix RPG Adventure<\/a><div class=\"wp-block-latest-posts__post-author\">by Tristan Onofre<\/div><\/li>\n<li><div class=\"wp-block-latest-posts__featured-image\"><img loading=\"lazy\" decoding=\"async\" width=\"150\" height=\"150\" src=\"https:\/\/unewhavendh.org\/modernisms\/files\/2024\/04\/22955213102_5b769f8f61_o-150x150.jpg\" class=\"attachment-thumbnail size-thumbnail wp-post-image\" alt=\"Black and white photo of Chinese author Ding Ling.\" style=\"\" \/><\/div><a class=\"wp-block-latest-posts__post-title\" href=\"https:\/\/unewhavendh.org\/modernisms\/2024\/04\/29\/revised-exploring-emotion-and-sexuality-in-miss-sophias-diary\/\">Exploring Emotion and Sexuality in &#8220;Miss Sophia&#8217;s Diary&#8221;<\/a><div class=\"wp-block-latest-posts__post-author\">by Liz Radko<\/div><\/li>\n<li><div class=\"wp-block-latest-posts__featured-image\"><img loading=\"lazy\" decoding=\"async\" width=\"150\" height=\"150\" src=\"https:\/\/unewhavendh.org\/modernisms\/files\/2024\/04\/Yoton-Yo-150x150.png\" class=\"attachment-thumbnail size-thumbnail wp-post-image\" alt=\"\" style=\"\" \/><\/div><a class=\"wp-block-latest-posts__post-title\" href=\"https:\/\/unewhavendh.org\/modernisms\/2024\/04\/29\/revised-yoton-yo-and-interest-by-alienation\/\">&#8220;Y\u00f6t\u00f6n Y\u00f6&#8221; and Interest by Alienation<\/a><div class=\"wp-block-latest-posts__post-author\">by Liz Radko<\/div><\/li>\n<li><div class=\"wp-block-latest-posts__featured-image\"><img loading=\"lazy\" decoding=\"async\" width=\"150\" height=\"150\" src=\"https:\/\/unewhavendh.org\/modernisms\/files\/2024\/03\/Screenshot-2024-03-07-193810-150x150.png\" class=\"attachment-thumbnail size-thumbnail wp-post-image\" alt=\"The characters Mary and Takeshi from the Genki Japanese language textbooks. Mary is standing to the right of the image, facing Takeshi to the left. She has a puzzled look on her face, her mouth is open in a circle. Takeshi is smiling and looking down at his watch, which is on his left wrist, which is raised up in front of him.\" style=\"\" \/><\/div><a class=\"wp-block-latest-posts__post-title\" href=\"https:\/\/unewhavendh.org\/modernisms\/2024\/04\/29\/revised-drawing-a-line-between-the-sympathetic-and-the-insufferable\/\">Drawing a Line Between the Sympathetic and the Insufferable<\/a><div class=\"wp-block-latest-posts__post-author\">by Liz Radko<\/div><\/li>\n<li><div class=\"wp-block-latest-posts__featured-image\"><img loading=\"lazy\" decoding=\"async\" width=\"150\" height=\"150\" src=\"https:\/\/unewhavendh.org\/modernisms\/files\/2024\/03\/aa51a929353659.55ef23d912ea3-150x150.jpg\" class=\"attachment-thumbnail size-thumbnail wp-post-image\" alt=\"\" style=\"\" srcset=\"https:\/\/unewhavendh.org\/modernisms\/files\/2024\/03\/aa51a929353659.55ef23d912ea3-150x150.jpg 150w, https:\/\/unewhavendh.org\/modernisms\/files\/2024\/03\/aa51a929353659.55ef23d912ea3-300x300.jpg 300w, https:\/\/unewhavendh.org\/modernisms\/files\/2024\/03\/aa51a929353659.55ef23d912ea3-1024x1024.jpg 1024w, https:\/\/unewhavendh.org\/modernisms\/files\/2024\/03\/aa51a929353659.55ef23d912ea3-768x768.jpg 768w, https:\/\/unewhavendh.org\/modernisms\/files\/2024\/03\/aa51a929353659.55ef23d912ea3-400x400.jpg 400w, https:\/\/unewhavendh.org\/modernisms\/files\/2024\/03\/aa51a929353659.55ef23d912ea3-800x800.jpg 800w, https:\/\/unewhavendh.org\/modernisms\/files\/2024\/03\/aa51a929353659.55ef23d912ea3.jpg 1200w\" sizes=\"auto, (max-width: 150px) 100vw, 150px\" \/><\/div><a class=\"wp-block-latest-posts__post-title\" href=\"https:\/\/unewhavendh.org\/modernisms\/2024\/04\/29\/revised-isnt-it-pretty-to-think-so\/\">Isn&#8217;t it Pretty to Think So?<\/a><div class=\"wp-block-latest-posts__post-author\">by Jake Dykas<\/div><\/li>\n<li><div class=\"wp-block-latest-posts__featured-image\"><img loading=\"lazy\" decoding=\"async\" width=\"150\" height=\"150\" src=\"https:\/\/unewhavendh.org\/modernisms\/files\/2024\/02\/lady-chatterlys-lover-1-150x150.jpg\" class=\"attachment-thumbnail size-thumbnail wp-post-image\" alt=\"\" style=\"\" \/><\/div><a class=\"wp-block-latest-posts__post-title\" href=\"https:\/\/unewhavendh.org\/modernisms\/2024\/04\/29\/revised-exploring-the-scandalous-adventures-of-lady-chatterley\/\">Exploring the Scandalous Adventures of Lady Chatterley.<\/a><div class=\"wp-block-latest-posts__post-author\">by Gina M. Beattie<\/div><\/li>\n<li><div class=\"wp-block-latest-posts__featured-image\"><img loading=\"lazy\" decoding=\"async\" width=\"150\" height=\"150\" src=\"https:\/\/unewhavendh.org\/modernisms\/files\/2024\/04\/71YCzvKXUHL._AC_UF10001000_QL80_-150x150.jpg\" class=\"attachment-thumbnail size-thumbnail wp-post-image\" alt=\"\" style=\"\" \/><\/div><a class=\"wp-block-latest-posts__post-title\" href=\"https:\/\/unewhavendh.org\/modernisms\/2024\/04\/29\/revised-exploring-character-through-analysis-and-creation\/\">Exploring Character Through Analysis and Creation.<\/a><div class=\"wp-block-latest-posts__post-author\">by Gina M. Beattie<\/div><\/li>\n<li><div class=\"wp-block-latest-posts__featured-image\"><img loading=\"lazy\" decoding=\"async\" width=\"150\" height=\"150\" src=\"https:\/\/unewhavendh.org\/modernisms\/files\/2024\/02\/lord-arthur-saviles-crime-150x150.jpeg\" class=\"attachment-thumbnail size-thumbnail wp-post-image\" alt=\"Sketch of man pondering\" style=\"\" \/><\/div><a class=\"wp-block-latest-posts__post-title\" href=\"https:\/\/unewhavendh.org\/modernisms\/2024\/04\/29\/lord-arthur-saviles-crime\/\">Lord Arthur Savile&#8217;s Crime<\/a><div class=\"wp-block-latest-posts__post-author\">by Monica Dobson<\/div><\/li>\n<li><div class=\"wp-block-latest-posts__featured-image\"><img loading=\"lazy\" decoding=\"async\" width=\"150\" height=\"150\" src=\"https:\/\/unewhavendh.org\/modernisms\/files\/2024\/03\/image-1-150x150.png\" class=\"attachment-thumbnail size-thumbnail wp-post-image\" alt=\"\" style=\"\" \/><\/div><a class=\"wp-block-latest-posts__post-title\" href=\"https:\/\/unewhavendh.org\/modernisms\/2024\/04\/29\/syntheses-of-character\/\">Syntheses of Character<\/a><div class=\"wp-block-latest-posts__post-author\">by Monica Dobson<\/div><\/li>\n<li><div class=\"wp-block-latest-posts__featured-image\"><img loading=\"lazy\" decoding=\"async\" width=\"150\" height=\"150\" src=\"https:\/\/unewhavendh.org\/modernisms\/files\/2024\/02\/featured-happy-place-emily-henry-150x150.jpg\" class=\"attachment-thumbnail size-thumbnail wp-post-image\" alt=\"\" style=\"\" srcset=\"https:\/\/unewhavendh.org\/modernisms\/files\/2024\/02\/featured-happy-place-emily-henry-150x150.jpg 150w, https:\/\/unewhavendh.org\/modernisms\/files\/2024\/02\/featured-happy-place-emily-henry-300x300.jpg 300w, https:\/\/unewhavendh.org\/modernisms\/files\/2024\/02\/featured-happy-place-emily-henry-1024x1024.jpg 1024w, https:\/\/unewhavendh.org\/modernisms\/files\/2024\/02\/featured-happy-place-emily-henry-768x768.jpg 768w, https:\/\/unewhavendh.org\/modernisms\/files\/2024\/02\/featured-happy-place-emily-henry-400x400.jpg 400w, https:\/\/unewhavendh.org\/modernisms\/files\/2024\/02\/featured-happy-place-emily-henry-800x800.jpg 800w, https:\/\/unewhavendh.org\/modernisms\/files\/2024\/02\/featured-happy-place-emily-henry.jpg 1080w\" sizes=\"auto, (max-width: 150px) 100vw, 150px\" \/><\/div><a class=\"wp-block-latest-posts__post-title\" href=\"https:\/\/unewhavendh.org\/modernisms\/2024\/04\/29\/revised-finding-my-happy-place-in-emily-henrys-books\/\">Finding My Happy Place in Emily Henry&#8217;s Books<\/a><div class=\"wp-block-latest-posts__post-author\">by Gina M. Beattie<\/div><\/li>\n<li><div class=\"wp-block-latest-posts__featured-image\"><img loading=\"lazy\" decoding=\"async\" width=\"150\" height=\"150\" src=\"https:\/\/unewhavendh.org\/modernisms\/files\/2024\/02\/ArrDevSeason1Promo-150x150.jpg\" class=\"attachment-thumbnail size-thumbnail wp-post-image\" alt=\"\" style=\"\" \/><\/div><a class=\"wp-block-latest-posts__post-title\" href=\"https:\/\/unewhavendh.org\/modernisms\/2024\/04\/29\/revised-arrested-development-and-the-power-of-narration\/\">Arrested Development and the Power of Narration<\/a><div class=\"wp-block-latest-posts__post-author\">by Tristan Onofre<\/div><\/li>\n<li><div class=\"wp-block-latest-posts__featured-image\"><img loading=\"lazy\" decoding=\"async\" width=\"150\" height=\"150\" src=\"https:\/\/unewhavendh.org\/modernisms\/files\/2024\/03\/Ernest-Hemingway-portrait-painting-by-Peter-Engels-02-150x150.jpeg\" class=\"attachment-thumbnail size-thumbnail wp-post-image\" alt=\"\" style=\"\" srcset=\"https:\/\/unewhavendh.org\/modernisms\/files\/2024\/03\/Ernest-Hemingway-portrait-painting-by-Peter-Engels-02-150x150.jpeg 150w, https:\/\/unewhavendh.org\/modernisms\/files\/2024\/03\/Ernest-Hemingway-portrait-painting-by-Peter-Engels-02-300x300.jpeg 300w, https:\/\/unewhavendh.org\/modernisms\/files\/2024\/03\/Ernest-Hemingway-portrait-painting-by-Peter-Engels-02-1024x1019.jpeg 1024w, https:\/\/unewhavendh.org\/modernisms\/files\/2024\/03\/Ernest-Hemingway-portrait-painting-by-Peter-Engels-02-768x764.jpeg 768w, https:\/\/unewhavendh.org\/modernisms\/files\/2024\/03\/Ernest-Hemingway-portrait-painting-by-Peter-Engels-02-1536x1528.jpeg 1536w, https:\/\/unewhavendh.org\/modernisms\/files\/2024\/03\/Ernest-Hemingway-portrait-painting-by-Peter-Engels-02-400x398.jpeg 400w, https:\/\/unewhavendh.org\/modernisms\/files\/2024\/03\/Ernest-Hemingway-portrait-painting-by-Peter-Engels-02-800x796.jpeg 800w, https:\/\/unewhavendh.org\/modernisms\/files\/2024\/03\/Ernest-Hemingway-portrait-painting-by-Peter-Engels-02.jpeg 1828w\" sizes=\"auto, (max-width: 150px) 100vw, 150px\" \/><\/div><a class=\"wp-block-latest-posts__post-title\" href=\"https:\/\/unewhavendh.org\/modernisms\/2024\/04\/28\/revised-loves-deceit\/\">Love&#8217;s Deceit<\/a><div class=\"wp-block-latest-posts__post-author\">by Aferdita Emini<\/div><\/li>\n<li><div class=\"wp-block-latest-posts__featured-image\"><img loading=\"lazy\" decoding=\"async\" width=\"150\" height=\"150\" src=\"https:\/\/unewhavendh.org\/modernisms\/files\/2024\/03\/sad-image1-150x150.jpeg\" class=\"attachment-thumbnail size-thumbnail wp-post-image\" alt=\"\" style=\"\" srcset=\"https:\/\/unewhavendh.org\/modernisms\/files\/2024\/03\/sad-image1-150x150.jpeg 150w, https:\/\/unewhavendh.org\/modernisms\/files\/2024\/03\/sad-image1-300x300.jpeg 300w, https:\/\/unewhavendh.org\/modernisms\/files\/2024\/03\/sad-image1-400x400.jpeg 400w, https:\/\/unewhavendh.org\/modernisms\/files\/2024\/03\/sad-image1.jpeg 523w\" sizes=\"auto, (max-width: 150px) 100vw, 150px\" \/><\/div><a class=\"wp-block-latest-posts__post-title\" href=\"https:\/\/unewhavendh.org\/modernisms\/2024\/04\/28\/revised-under-the-microscope\/\">Under the Microscope<\/a><div class=\"wp-block-latest-posts__post-author\">by Aferdita Emini<\/div><\/li>\n<li><div class=\"wp-block-latest-posts__featured-image\"><img loading=\"lazy\" decoding=\"async\" width=\"150\" height=\"150\" src=\"https:\/\/unewhavendh.org\/modernisms\/files\/2024\/01\/Jane-Eyre-Cover-Art-e1707327873680-150x150.jpg\" class=\"attachment-thumbnail size-thumbnail wp-post-image\" alt=\"A young girl with a stone-serious face, looking away as she is braiding her hair.\" style=\"\" srcset=\"https:\/\/unewhavendh.org\/modernisms\/files\/2024\/01\/Jane-Eyre-Cover-Art-e1707327873680-150x150.jpg 150w, https:\/\/unewhavendh.org\/modernisms\/files\/2024\/01\/Jane-Eyre-Cover-Art-e1707327873680.jpg 260w\" sizes=\"auto, (max-width: 150px) 100vw, 150px\" \/><\/div><a class=\"wp-block-latest-posts__post-title\" href=\"https:\/\/unewhavendh.org\/modernisms\/2024\/04\/28\/revised-the-world-through-her-eyes\/\">The World Through Her Eyes<\/a><div class=\"wp-block-latest-posts__post-author\">by Aferdita Emini<\/div><\/li>\n<li><div class=\"wp-block-latest-posts__featured-image\"><img loading=\"lazy\" decoding=\"async\" width=\"150\" height=\"150\" src=\"https:\/\/unewhavendh.org\/modernisms\/files\/2024\/02\/Song-of-Achilles-150x150.jpg\" class=\"attachment-thumbnail size-thumbnail wp-post-image\" alt=\"The image shows Patroclus on the left and Achilles on the right. They are facing one another with their foreheads touching. It is romantic in nature.\" style=\"\" \/><\/div><a class=\"wp-block-latest-posts__post-title\" href=\"https:\/\/unewhavendh.org\/modernisms\/2024\/04\/28\/revised-seeing-the-greatest-warrior-through-loving-eyes\/\">Seeing the Greatest Warrior through Loving Eyes<\/a><div class=\"wp-block-latest-posts__post-author\">by Josh Bird<\/div><\/li>\n<li><div class=\"wp-block-latest-posts__featured-image\"><img loading=\"lazy\" decoding=\"async\" width=\"150\" height=\"150\" src=\"https:\/\/unewhavendh.org\/modernisms\/files\/2024\/02\/Female-V-CDPR-150x150.jpg\" class=\"attachment-thumbnail size-thumbnail wp-post-image\" alt=\"A Cyberpunk woman with the right side of her head shaved, holds a gun in her right hand. The background is yellow with shadows of a city. The word &quot;Cyberpunk&quot; is written in futuristic dystopian font next to the woman.\" style=\"\" \/><\/div><a class=\"wp-block-latest-posts__post-title\" href=\"https:\/\/unewhavendh.org\/modernisms\/2024\/04\/28\/revised-life-in-night-city\/\">Life in Night City<\/a><div class=\"wp-block-latest-posts__post-author\">by Josh Bird<\/div><\/li>\n<li><div class=\"wp-block-latest-posts__featured-image\"><img loading=\"lazy\" decoding=\"async\" width=\"150\" height=\"150\" src=\"https:\/\/unewhavendh.org\/modernisms\/files\/2024\/03\/Theoden-150x150.jpg\" class=\"attachment-thumbnail size-thumbnail wp-post-image\" alt=\"\" style=\"\" \/><\/div><a class=\"wp-block-latest-posts__post-title\" href=\"https:\/\/unewhavendh.org\/modernisms\/2024\/04\/28\/revised-what-makes-a-character\/\">What makes a character?<\/a><div class=\"wp-block-latest-posts__post-author\">by Josh Bird<\/div><\/li>\n<li><div class=\"wp-block-latest-posts__featured-image\"><img loading=\"lazy\" decoding=\"async\" width=\"150\" height=\"150\" src=\"https:\/\/unewhavendh.org\/modernisms\/files\/2024\/02\/f072baeda700a21b772cf6b85caf8ba2.1000x563x1-1-150x150.png\" class=\"attachment-thumbnail size-thumbnail wp-post-image\" alt=\"\" style=\"\" \/><\/div><a class=\"wp-block-latest-posts__post-title\" href=\"https:\/\/unewhavendh.org\/modernisms\/2024\/04\/24\/revised-the-inbetween-and-the-art-of-stealing\/\">The Inbetween and The Art of Stealing<\/a><div class=\"wp-block-latest-posts__post-author\">by Jake Dykas<\/div><\/li>\n<li><div class=\"wp-block-latest-posts__featured-image\"><img loading=\"lazy\" decoding=\"async\" width=\"150\" height=\"150\" src=\"https:\/\/unewhavendh.org\/modernisms\/files\/2024\/03\/Dickens-150x150.jpg\" class=\"attachment-thumbnail size-thumbnail wp-post-image\" alt=\"\" style=\"\" \/><\/div><a class=\"wp-block-latest-posts__post-title\" href=\"https:\/\/unewhavendh.org\/modernisms\/2024\/03\/31\/great-expectations\/\">Great Expectations<\/a><div class=\"wp-block-latest-posts__post-author\">by Monica Dobson<\/div><\/li>\n<\/ul>","protected":false},"excerpt":{"rendered":"<p>To prepare for the final exam, please set aside some time to read the work your classmates have decided to share (collected below). You can read whatever you want and however much of it as you want. Please come to the final exam prepared to share details that stuck out to you as you read [&hellip;]<\/p>\n","protected":false},"author":1,"featured_media":0,"parent":0,"menu_order":0,"comment_status":"closed","ping_status":"closed","template":"","meta":{"_acf_changed":false,"portfolio_post_id":0,"portfolio_citation":"","portfolio_annotation":"","openlab_post_visibility":"","footnotes":""},"class_list":["post-4877","page","type-page","status-publish","hentry","missing-thumbnail"],"acf":[],"_links":{"self":[{"href":"https:\/\/unewhavendh.org\/modernisms\/wp-json\/wp\/v2\/pages\/4877","targetHints":{"allow":["GET"]}}],"collection":[{"href":"https:\/\/unewhavendh.org\/modernisms\/wp-json\/wp\/v2\/pages"}],"about":[{"href":"https:\/\/unewhavendh.org\/modernisms\/wp-json\/wp\/v2\/types\/page"}],"author":[{"embeddable":true,"href":"https:\/\/unewhavendh.org\/modernisms\/wp-json\/wp\/v2\/users\/1"}],"replies":[{"embeddable":true,"href":"https:\/\/unewhavendh.org\/modernisms\/wp-json\/wp\/v2\/comments?post=4877"}],"version-history":[{"count":9,"href":"https:\/\/unewhavendh.org\/modernisms\/wp-json\/wp\/v2\/pages\/4877\/revisions"}],"predecessor-version":[{"id":4923,"href":"https:\/\/unewhavendh.org\/modernisms\/wp-json\/wp\/v2\/pages\/4877\/revisions\/4923"}],"wp:attachment":[{"href":"https:\/\/unewhavendh.org\/modernisms\/wp-json\/wp\/v2\/media?parent=4877"}],"curies":[{"name":"wp","href":"https:\/\/api.w.org\/{rel}","templated":true}]}}